{"id":1327,"date":"2021-08-18T11:54:17","date_gmt":"2021-08-18T09:54:17","guid":{"rendered":"https:\/\/imaginationgroup.eu\/datenschutzbestimmungen\/"},"modified":"2024-02-23T10:50:11","modified_gmt":"2024-02-23T09:50:11","slug":"datenschutzbestimmungen","status":"publish","type":"page","link":"https:\/\/imaginationgroup.eu\/de\/datenschutzbestimmungen\/","title":{"rendered":"Datenschutzbestimmungen"},"content":{"rendered":"\t\t<div data-elementor-type=\"wp-page\" data-elementor-id=\"1327\" class=\"elementor elementor-1327 elementor-332\" data-elementor-post-type=\"page\">\n\t\t\t\t\t\t<section class=\"elementor-section elementor-top-section elementor-element elementor-element-9878574 elementor-section-boxed elementor-section-height-default elementor-section-height-default\" data-id=\"9878574\" data-element_type=\"section\">\n\t\t\t\t\t\t<div class=\"elementor-container elementor-column-gap-default\">\n\t\t\t\t\t<div class=\"elementor-column elementor-col-100 elementor-top-column elementor-element elementor-element-8b10327\" data-id=\"8b10327\" data-element_type=\"column\">\n\t\t\t<div class=\"elementor-widget-wrap elementor-element-populated\">\n\t\t\t\t\t\t<div class=\"elementor-element elementor-element-5bc8169 elementor-widget elementor-widget-text-editor\" data-id=\"5bc8169\" data-element_type=\"widget\" data-widget_type=\"text-editor.default\">\n\t\t\t\t<div class=\"elementor-widget-container\">\n\t\t\t\t\t\t\t\t\t<p><b>WER IST DER BETREIBER DES DIENSTES?<\/b><\/p><p><span style=\"font-weight: 400;\">Der Betreiber der Website imaginationgroup.eu<\/span> <span style=\"font-weight: 400;\">ist Iwona Blecharczyk, die ein Unternehmen unter dem Namen IMAGINATION Iwona Blecharczyk, NIP: 7952485089, REGON: 181058878 betreibt.<\/span><\/p><p><span style=\"font-weight: 400;\">Der Betreiber, der auch der f\u00fcr die Datenverarbeitung Verantwortliche ist, legt gro\u00dfen Wert darauf, Ihre Privatsph\u00e4re zu respektieren und Ihre Daten als Besucher und Nutzer der imaginationgroup.eu-Website zu sch\u00fctzen.<\/span><\/p><p><b>WELCHE INFORMATIONEN WERDEN IM RAHMEN DES DIENSTES ERFASST?<\/b><\/p><p><span style=\"font-weight: 400;\">Der Dienst imaginationgroup.eu f\u00fchrt die Informationsbeschaffung durch:<\/span><\/p><ol><li style=\"font-weight: 400;\" aria-level=\"1\"><span style=\"font-weight: 400;\">Speicherung von Cookies auf Endger\u00e4ten (Computer und Mobiltelefone),<\/span><\/li><li style=\"font-weight: 400;\" aria-level=\"1\"><span style=\"font-weight: 400;\">Sammlung von Webserver-Protokollen durch den Hosting-Anbieter: OVH <\/span><span style=\"font-weight: 400;\">sp. z o.o. ul. Swobodna 1, 50-088 Wroc\u0142aw.<\/span><\/li><\/ol><p><span style=\"font-weight: 400;\">Der Dienst speichert an den Server gerichtete http-Anfragen. Die angezeigten Ressourcen sind durch URL-Adressen gekennzeichnet. Um die bestm\u00f6gliche Qualit\u00e4t der Website zu gew\u00e4hrleisten, analysieren wir die Protokolldateien, um festzustellen, welche Waren am h\u00e4ufigsten gesucht werden, welche Webbrowser verwendet werden, ob die Struktur der Seiten fehlerfrei ist usw. Die gesammelten Logs werden als Hilfsmaterial (Statistiken) f\u00fcr die Verwaltung der Website gespeichert. Die gesammelten Cookies werden au\u00dferdem zu Analyse- und Werbezwecken verwendet, wobei die folgenden Tools zum Einsatz kommen: Google Analytics, Google Search Console, Google Tag Manager, HotJar und Facebook Pixel.<\/span><\/p><p><b>WO K\u00d6NNEN SIE IHRE DATEN EINGEBEN?<\/b><\/p><ol><li style=\"font-weight: 400;\" aria-level=\"1\"><span style=\"font-weight: 400;\">Durch Service <\/span><span style=\"font-weight: 400;\">imaginationgroup.eu<\/span><span style=\"font-weight: 400;\"> k\u00f6nnen Sie Ihre pers\u00f6nlichen Daten eingeben<\/span><p>\u00a0<\/p><span style=\"font-weight: 400;\">&#8211; wenn Sie das Kontaktformular benutzen,<\/span><\/li><li style=\"font-weight: 400;\" aria-level=\"1\">\u00a0<\/li><li style=\"font-weight: 400;\" aria-level=\"1\"><span style=\"font-weight: 400;\">Bei der Verwendung des Kontaktformulars erfolgt die Datenverarbeitung nach Art. 6 Abs. 1(a) RODO (Zustimmung). Die Einwilligung wird durch Ankreuzen des entsprechenden K\u00e4stchens erteilt und kann jederzeit widerrufen werden.<\/span><\/li><li style=\"font-weight: 400;\" aria-level=\"1\"><span style=\"font-weight: 400;\">Ihre Daten werden \u00fcber die verschl\u00fcsselten Seiten des Dienstes erfasst und in einer Datenbank gespeichert, die vor dem Zugriff Dritter gesch\u00fctzt ist.<\/span><span style=\"font-weight: 400;\"> Der f\u00fcr die Verarbeitung Verantwortliche bem\u00fcht sich nach besten Kr\u00e4ften, im Einklang mit den geltenden Datenschutzvorschriften alle physischen, technischen und organisatorischen Ma\u00dfnahmen zu treffen, um personenbezogene Daten gegen zuf\u00e4llige oder vors\u00e4tzliche Zerst\u00f6rung, zuf\u00e4lligen Verlust, \u00c4nderung, unbefugte Weitergabe, Verwendung oder Zugriff zu sch\u00fctzen.<\/span><\/li><li style=\"font-weight: 400;\" aria-level=\"1\"><span style=\"font-weight: 400;\">Die in Cookies enthaltenen Daten k\u00f6nnen allein oder in Kombination mit anderen Daten personenbezogene Daten darstellen.<\/span><\/li><\/ol><p><b> <\/b><b>WELCHE PERSONENBEZOGENEN DATEN WERDEN AUF DER WEBSITE VERARBEITET UND ZU WELCHEM ZWECK? <\/b><\/p><p><b>(RODO-INFORMATIONSKLAUSEL)<\/b><\/p><ol><li style=\"font-weight: 400;\" aria-level=\"1\"><span style=\"font-weight: 400;\">Der Inhaber der pers\u00f6nlichen Daten ist Iwona Blecharczyk, die ihr Unternehmen unter dem Namen IMAGINATION Iwona Blecharczyk, NIP: 7952485089, REGON: 181058878, office@imaginationgroup.eu betreibt.<\/span><\/li><li style=\"font-weight: 400;\" aria-level=\"1\"><span style=\"font-weight: 400;\">Die Daten von Personen, die das Kontaktformular von IMAGINATION Iwona Blecharczyk nutzen, werden zur Durchf\u00fchrung der Kontaktaufnahme verarbeitet. in \u00dcbereinstimmung mit Art. 6 Abs. 1(a) RODO. Die Bereitstellung personenbezogener Daten durch den Kunden zu diesem Zweck ist freiwillig, die Nichtbereitstellung verhindert jedoch eine Kontaktaufnahme.<\/span> <span style=\"font-weight: 400;\">Sie k\u00f6nnen Ihre Zustimmung jederzeit widerrufen, indem Sie sich per E-Mail an folgende Adresse wenden office@imaginationgroup.eu.<\/span><\/li><li style=\"font-weight: 400;\" aria-level=\"1\"><span style=\"font-weight: 400;\">Personenbezogene Daten werden weitergegeben an: Anbieter von IT- oder juristischen Dienstleistungen, die f\u00fcr den Verwalter erbracht werden, sowie an Einrichtungen, die nach dem Gesetz berechtigt sind, personenbezogene Daten zu erhalten.<\/span><\/li><li style=\"font-weight: 400;\" aria-level=\"1\"><span style=\"font-weight: 400;\">Sie haben das Recht auf Auskunft \u00fcber den Inhalt Ihrer Daten und das Recht auf Berichtigung, L\u00f6schung, Einschr\u00e4nkung der Verarbeitung, das Recht auf Daten\u00fcbertragbarkeit und das Recht auf Widerspruch.<\/span><\/li><li style=\"font-weight: 400;\" aria-level=\"1\"><span style=\"font-weight: 400;\">Sie haben das Recht, eine Beschwerde bei der Datenschutzaufsichtsbeh\u00f6rde einzureichen.<\/span><\/li><li style=\"font-weight: 400;\" aria-level=\"1\"><span style=\"font-weight: 400;\">Die Verarbeitung Ihrer personenbezogenen Daten ist freiwillig, aber die Nichtbereitstellung verhindert, je nach der in den Punkten 2 und 3 oben angegebenen Grundlage f\u00fcr die Verarbeitung:<\/span><p>\u00a0<\/p><span style=\"font-weight: 400;\">&#8211; die Nutzung des Kontaktformulars. <\/span><\/li><\/ol><p><b>WAS IST MIT KEKSEN?<\/b><\/p><ol><li style=\"font-weight: 400;\" aria-level=\"1\"><span style=\"font-weight: 400;\">Die Website imaginationgroup.eu verwendet Cookies, d.h. kleine Dateien, die von einem Webserver gesendet werden, die dann auf Ihrem Endger\u00e4t (Mobiltelefon oder Computer) gespeichert werden und f\u00fcr die Nutzung der Website bestimmt sind. Solche Cookies enthalten den Namen der Website, von der sie stammen, die Dauer der Speicherung auf dem Endger\u00e4t und eine eindeutige Nummer. Sie werden zur Erstellung anonymer statistischer Daten verwendet.<\/span> <span style=\"font-weight: 400;\"> Die Website imaginationgroup.eu verwendet auch Cookies <\/span><span style=\"font-weight: 400;\">f\u00fcr Analyse- und Werbezwecke: Google Analytics, <\/span><span style=\"font-weight: 400;\">Google Search Console, Google Tag Manager, HotJar und Facebook Pixel.<\/span><\/li><li style=\"font-weight: 400;\" aria-level=\"1\"><span style=\"font-weight: 400;\">Die folgenden Arten von Cookies werden auf der imaginationgroup.eu-Website verwendet: <br \/><\/span><span style=\"font-weight: 400;\"><span style=\"font-weight: 400;\"><br \/>&#8211; &#8222;Session&#8220; (Sitzungscookies), das sind tempor\u00e4re Dateien, die auf Ihrem Endger\u00e4t gespeichert werden, bis Sie sich abmelden, die Website verlassen oder Ihre Software (Webbrowser) ausschalten.<\/span><\/span><p><span style=\"font-weight: 400;\">&#8211; &#8222;persistent&#8220;<\/span> <span style=\"font-weight: 400;\">(dauerhafte Cookies), die auf Ihrem Endger\u00e4t f\u00fcr die in den Parametern der Cookies angegebene Zeit oder bis zu ihrer L\u00f6schung durch Sie gespeichert werden,<\/span><\/p><p><span style=\"font-weight: 400;\">&#8211; &#8222;Cookies von Dritten<\/span> <span style=\"font-weight: 400;\">die von anderen Domains stammen, die eigene Elemente auf der Website platziert haben, wie z. B. Werbung oder andere Marketing-Skripte.<\/span> <span style=\"font-weight: 400;\">Zu diesem Zweck k\u00f6nnen sie Informationen \u00fcber den Navigationspfad oder die auf einer bestimmten Seite verbrachte Zeit aufbewahren. Diese Unternehmen sind: Google, Facebook und HotJar.<\/span><\/p><\/li><li style=\"font-weight: 400;\" aria-level=\"1\"><span style=\"font-weight: 400;\">Die auf der Website verwendeten Cookies erm\u00f6glichen unter anderem:<br \/><\/span><span style=\"font-weight: 400;\">&#8211; die Erstellung von Statistiken \u00fcber die Besuche auf der Website erm\u00f6glichen;<br \/><\/span><span style=\"font-weight: 400;\">&#8211; die Speicherung Ihrer Besuche auf der Website und Ihrer Pr\u00e4ferenzen in Bezug auf die Website, z. B. das Layout und die Positionierung von Inhalten auf den Seiten der Website;<br \/><\/span><span style=\"font-weight: 400;\">&#8211; die Sicherung Ihrer Internet-Sitzung zu erm\u00f6glichen.<\/span><\/li><li style=\"font-weight: 400;\" aria-level=\"1\"><span style=\"font-weight: 400;\">Ihre Web-Browsing-Software (Internet-Browser) erlaubt in der Regel standardm\u00e4\u00dfig die Speicherung von Cookies auf Ihrem Endger\u00e4t (Mobiltelefon, Computer). Sie k\u00f6nnen die diesbez\u00fcglichen Einstellungen selbst \u00e4ndern. <\/span><\/li><li style=\"font-weight: 400;\" aria-level=\"1\"><span style=\"font-weight: 400;\">Die Website verwendet folgende Analysetools:<br \/><\/span> &#8211;<span style=\"font-weight: 400;\">Google Analytics,<br \/><\/span><span style=\"font-weight: 400;\">&#8211; Google Search Console<\/span>,<span style=\"font-weight: 400;\"><br \/><\/span><span style=\"font-weight: 400;\">&#8211; Google Tag Manager<\/span>,<span style=\"font-weight: 400;\"><br \/>der Google LLC, 1600 Amphitheatre Parkway, Mountain View, CA 94043, United States, die Informationen \u00fcber Ihren Besuch auf der Website sammeln, wie z. B.: wie lange Sie auf der Website verbracht haben oder wie lange Sie zwischen verschiedenen Unterseiten gewechselt haben.<\/span> Zu diesem Zweck werden Cookies von Google LLC im Zusammenhang mit dem Dienst Google Analytics verwendet.<p>Ausf\u00fchrliche Informationen \u00fcber die Verarbeitung von Daten durch Google Analytics finden Sie unter: <a href=\"https:\/\/support.google.com\/analytics\/answer\/6004245\">https:\/\/support.google.com\/analytics\/answer\/6004245.<\/a><\/p><\/li><li style=\"font-weight: 400;\" aria-level=\"1\"><span style=\"font-weight: 400;\">Der Dienst verwendet das Analyse- und Werbetool Facebook Pixel, das Eigentum der Facebook Facebook Ireland Ltd. ist. 4 Grand Canal Square, Grand Canal Harbour, D2 Dublin Irland. Dies beinhaltet die Verwendung von Cookies f\u00fcr die Anzeige von Werbung oder die Messung und Berichterstattung \u00fcber die Leistung der Website. Ausf\u00fchrliche Informationen \u00fcber die Datenverarbeitung durch Facebook Pixel sind auf der Website verf\u00fcgbar:<\/span> <a href=\"https:\/\/www.facebook.com\/business\/help\/471978536642445?id=1205376682832142\"><span style=\"font-weight: 400;\">https:\/\/www.facebook.com\/business\/help\/471978536642445?id=1205376682832142<\/span><\/a><\/li><li style=\"font-weight: 400;\" aria-level=\"1\"><span style=\"font-weight: 400;\">Der Dienst verwendet das Analysetool HotJar, das Eigentum von Hotjar Limited, Level 2, St Julian&#8217;s Business Centre, 3, Elia Zammit Street, St Julian&#8217;s STJ 1000, Malta, ist und das Ihr Verhalten im Dienst verfolgt. Zu diesem Zweck werden Cookies verwendet. Mit Hilfe von Hotjar wird das Verhalten der Website-Nutzer analysiert, d.h. die auf einer bestimmten Website verbrachte Zeit, die auf der Website verwendeten Schaltfl\u00e4chen, usw.<\/span> <span style=\"font-weight: 400;\">Weitere Informationen finden Sie in der Datenschutzrichtlinie von Hotjar: https:\/\/www.hotjar.com\/legal\/policies\/privacy.<\/span><\/li><li style=\"font-weight: 400;\" aria-level=\"1\"><span style=\"font-weight: 400;\">Wenn Sie keine Cookies erhalten m\u00f6chten, k\u00f6nnen Sie die Einstellungen des von Ihnen verwendeten Browsers \u00e4ndern. Die Website weist darauf hin, dass die Deaktivierung von Cookies, die f\u00fcr Authentifizierungsprozesse, die Sicherheit und die Beibehaltung von Benutzerpr\u00e4ferenzen unerl\u00e4sslich sind, die Nutzung der Website beeintr\u00e4chtigen kann.<\/span><\/li><li style=\"font-weight: 400;\" aria-level=\"1\"><span style=\"font-weight: 400;\">Die Verwendung von Cookies f\u00fcr die Speicherung von Informationen und den Zugriff auf Informationen, die auf Ihrem Telekommunikationsendger\u00e4t gespeichert sind, ist zul\u00e4ssig, sofern Sie Ihre Zustimmung zu dieser Verwendung von Cookies gegeben haben. Wenn Sie die erste Seite der Website \u00f6ffnen, k\u00f6nnen Sie dieser Verwendung von Cookies zustimmen oder sie ablehnen. Diese Zustimmung kann jederzeit widerrufen werden, insbesondere durch L\u00f6schen des Cookie-Verlaufs und Deaktivieren von Cookies in den Browsereinstellungen.<\/span><\/li><li style=\"font-weight: 400;\" aria-level=\"1\"><span style=\"font-weight: 400;\">Informationen \u00fcber die M\u00f6glichkeit und den Umgang mit Cookies finden Sie in den Einstellungen Ihres Webbrowsers:<br \/><\/span>&#8211; <span style=\"font-weight: 400;\">im <\/span>Mozilla Firefox <span style=\"font-weight: 400;\">Browser <\/span>https:\/\/support.mozilla.org\/pl\/kb\/ciasteczka,<br \/>&#8211; im Chrome-Browser https:\/\/support.google.com\/chrome\/answer\/95647?hl=pl,<br \/>&#8211; im Opera-Browser https:\/\/help.opera.com\/pl\/latest\/web-preferences\/#cookies<br \/>&#8211; im Internet Explorer https:\/\/support.microsoft.com\/pl-pl\/help\/278835\/how-to-delete-cookie-files-in-internet-explorer<\/li><\/ol><p><b>WAS M\u00dcSSEN SIE SONST NOCH WISSEN?<\/b><\/p><p><span style=\"font-weight: 400;\">In Angelegenheiten, die in der Datenschutz- und Cookie-Richtlinie nicht geregelt sind, gelten die Bestimmungen des Zivilgesetzbuches und die einschl\u00e4gigen Gesetze Polens sowie das Recht der Europ\u00e4ischen Union, einschlie\u00dflich der RODO (Verordnung 2016\/679 des Europ\u00e4ischen Parlaments und des Rates (EU) vom 27. April 2016. zum Schutz nat\u00fcrlicher Personen bei der Verarbeitung personenbezogener Daten und zum freien Datenverkehr und zur Aufhebung der Richtlinie 95\/46\/EG.<\/span><\/p><p><span style=\"font-weight: 400;\">Im Falle einer \u00c4nderung der aktuellen Datenschutz- und Cookie-Richtlinie werden die entsprechenden \u00c4nderungen auf der Website bekannt gegeben.<\/span><\/p><h2>\u00a0<\/h2>\t\t\t\t\t\t\t\t<\/div>\n\t\t\t\t<\/div>\n\t\t\t\t\t<\/div>\n\t\t<\/div>\n\t\t\t\t\t<\/div>\n\t\t<\/section>\n\t\t\t\t<\/div>\n\t\t","protected":false},"excerpt":{"rendered":"<p>WER IST DER BETREIBER DES DIENSTES? Der Betreiber der Website imaginationgroup.eu ist Iwona Blecharczyk, die ein Unternehmen unter dem Namen IMAGINATION Iwona Blecharczyk, NIP: 7952485089, REGON: 181058878 betreibt. Der Betreiber, der auch der f\u00fcr die Datenverarbeitung Verantwortliche ist, legt gro\u00dfen Wert darauf, Ihre Privatsph\u00e4re zu respektieren und Ihre Daten als Besucher und Nutzer der imaginationgroup.eu-Website [&hellip;]<\/p>\n","protected":false},"author":3,"featured_media":0,"parent":0,"menu_order":0,"comment_status":"closed","ping_status":"closed","template":"","meta":{"footnotes":""},"class_list":["post-1327","page","type-page","status-publish","hentry"],"yoast_head":"<!-- This site is optimized with the Yoast SEO plugin v26.0 - https:\/\/yoast.com\/wordpress\/plugins\/seo\/ -->\n<title>Datenschutzbestimmungen | IMAGINATION Iwona Blecharczyk<\/title>\n<meta name=\"robots\" content=\"index, follow, max-snippet:-1, max-image-preview:large, max-video-preview:-1\" \/>\n<link rel=\"canonical\" href=\"https:\/\/imaginationgroup.eu\/en\/privacy-policy\/\" \/>\n<meta property=\"og:locale\" content=\"de_DE\" \/>\n<meta property=\"og:type\" content=\"article\" \/>\n<meta property=\"og:title\" content=\"Datenschutzbestimmungen | IMAGINATION Iwona Blecharczyk\" \/>\n<meta property=\"og:description\" content=\"WER IST DER BETREIBER DES DIENSTES? Der Betreiber der Website imaginationgroup.eu ist Iwona Blecharczyk, die ein Unternehmen unter dem Namen IMAGINATION Iwona Blecharczyk, NIP: 7952485089, REGON: 181058878 betreibt. Der Betreiber, der auch der f\u00fcr die Datenverarbeitung Verantwortliche ist, legt gro\u00dfen Wert darauf, Ihre Privatsph\u00e4re zu respektieren und Ihre Daten als Besucher und Nutzer der imaginationgroup.eu-Website [&hellip;]\" \/>\n<meta property=\"og:url\" content=\"https:\/\/imaginationgroup.eu\/en\/privacy-policy\/\" \/>\n<meta property=\"og:site_name\" content=\"IMAGINATION Iwona Blecharczyk\" \/>\n<meta property=\"article:modified_time\" content=\"2024-02-23T09:50:11+00:00\" \/>\n<meta name=\"twitter:card\" content=\"summary_large_image\" \/>\n<meta name=\"twitter:label1\" content=\"Gesch\u00e4tzte Lesezeit\" \/>\n\t<meta name=\"twitter:data1\" content=\"1\u00a0Minute\" \/>\n<script type=\"application\/ld+json\" class=\"yoast-schema-graph\">{\"@context\":\"https:\/\/schema.org\",\"@graph\":[{\"@type\":\"WebPage\",\"@id\":\"https:\/\/imaginationgroup.eu\/en\/privacy-policy\/\",\"url\":\"https:\/\/imaginationgroup.eu\/en\/privacy-policy\/\",\"name\":\"Datenschutzbestimmungen | IMAGINATION Iwona Blecharczyk\",\"isPartOf\":{\"@id\":\"https:\/\/imaginationtransport.eu\/#website\"},\"datePublished\":\"2021-08-18T09:54:17+00:00\",\"dateModified\":\"2024-02-23T09:50:11+00:00\",\"breadcrumb\":{\"@id\":\"https:\/\/imaginationgroup.eu\/en\/privacy-policy\/#breadcrumb\"},\"inLanguage\":\"de\",\"potentialAction\":[{\"@type\":\"ReadAction\",\"target\":[\"https:\/\/imaginationgroup.eu\/en\/privacy-policy\/\"]}]},{\"@type\":\"BreadcrumbList\",\"@id\":\"https:\/\/imaginationgroup.eu\/en\/privacy-policy\/#breadcrumb\",\"itemListElement\":[{\"@type\":\"ListItem\",\"position\":1,\"name\":\"Strona g\u0142\u00f3wna\",\"item\":\"https:\/\/imaginationgroup.eu\/\"},{\"@type\":\"ListItem\",\"position\":2,\"name\":\"Datenschutzbestimmungen\"}]},{\"@type\":\"WebSite\",\"@id\":\"https:\/\/imaginationtransport.eu\/#website\",\"url\":\"https:\/\/imaginationtransport.eu\/\",\"name\":\"Imagination Transport\",\"description\":\"We can transport it!\",\"publisher\":{\"@id\":\"https:\/\/imaginationtransport.eu\/#organization\"},\"potentialAction\":[{\"@type\":\"SearchAction\",\"target\":{\"@type\":\"EntryPoint\",\"urlTemplate\":\"https:\/\/imaginationtransport.eu\/?s={search_term_string}\"},\"query-input\":{\"@type\":\"PropertyValueSpecification\",\"valueRequired\":true,\"valueName\":\"search_term_string\"}}],\"inLanguage\":\"de\"},{\"@type\":\"Organization\",\"@id\":\"https:\/\/imaginationtransport.eu\/#organization\",\"name\":\"IMAGINATION Iwona Blecharczyk\",\"url\":\"https:\/\/imaginationtransport.eu\/\",\"logo\":{\"@type\":\"ImageObject\",\"inLanguage\":\"de\",\"@id\":\"https:\/\/imaginationtransport.eu\/#\/schema\/logo\/image\/\",\"url\":\"https:\/\/imaginationgroup.eu\/wp-content\/uploads\/2023\/08\/IMG_LOGO_UPROSZCZONE-1.svg\",\"contentUrl\":\"https:\/\/imaginationgroup.eu\/wp-content\/uploads\/2023\/08\/IMG_LOGO_UPROSZCZONE-1.svg\",\"width\":160,\"height\":76,\"caption\":\"IMAGINATION Iwona Blecharczyk\"},\"image\":{\"@id\":\"https:\/\/imaginationtransport.eu\/#\/schema\/logo\/image\/\"}}]}<\/script>\n<!-- \/ Yoast SEO plugin. -->","yoast_head_json":{"title":"Datenschutzbestimmungen | IMAGINATION Iwona Blecharczyk","robots":{"index":"index","follow":"follow","max-snippet":"max-snippet:-1","max-image-preview":"max-image-preview:large","max-video-preview":"max-video-preview:-1"},"canonical":"https:\/\/imaginationgroup.eu\/en\/privacy-policy\/","og_locale":"de_DE","og_type":"article","og_title":"Datenschutzbestimmungen | IMAGINATION Iwona Blecharczyk","og_description":"WER IST DER BETREIBER DES DIENSTES? Der Betreiber der Website imaginationgroup.eu ist Iwona Blecharczyk, die ein Unternehmen unter dem Namen IMAGINATION Iwona Blecharczyk, NIP: 7952485089, REGON: 181058878 betreibt. Der Betreiber, der auch der f\u00fcr die Datenverarbeitung Verantwortliche ist, legt gro\u00dfen Wert darauf, Ihre Privatsph\u00e4re zu respektieren und Ihre Daten als Besucher und Nutzer der imaginationgroup.eu-Website [&hellip;]","og_url":"https:\/\/imaginationgroup.eu\/en\/privacy-policy\/","og_site_name":"IMAGINATION Iwona Blecharczyk","article_modified_time":"2024-02-23T09:50:11+00:00","twitter_card":"summary_large_image","twitter_misc":{"Gesch\u00e4tzte Lesezeit":"1\u00a0Minute"},"schema":{"@context":"https:\/\/schema.org","@graph":[{"@type":"WebPage","@id":"https:\/\/imaginationgroup.eu\/en\/privacy-policy\/","url":"https:\/\/imaginationgroup.eu\/en\/privacy-policy\/","name":"Datenschutzbestimmungen | IMAGINATION Iwona Blecharczyk","isPartOf":{"@id":"https:\/\/imaginationtransport.eu\/#website"},"datePublished":"2021-08-18T09:54:17+00:00","dateModified":"2024-02-23T09:50:11+00:00","breadcrumb":{"@id":"https:\/\/imaginationgroup.eu\/en\/privacy-policy\/#breadcrumb"},"inLanguage":"de","potentialAction":[{"@type":"ReadAction","target":["https:\/\/imaginationgroup.eu\/en\/privacy-policy\/"]}]},{"@type":"BreadcrumbList","@id":"https:\/\/imaginationgroup.eu\/en\/privacy-policy\/#breadcrumb","itemListElement":[{"@type":"ListItem","position":1,"name":"Strona g\u0142\u00f3wna","item":"https:\/\/imaginationgroup.eu\/"},{"@type":"ListItem","position":2,"name":"Datenschutzbestimmungen"}]},{"@type":"WebSite","@id":"https:\/\/imaginationtransport.eu\/#website","url":"https:\/\/imaginationtransport.eu\/","name":"Imagination Transport","description":"We can transport it!","publisher":{"@id":"https:\/\/imaginationtransport.eu\/#organization"},"potentialAction":[{"@type":"SearchAction","target":{"@type":"EntryPoint","urlTemplate":"https:\/\/imaginationtransport.eu\/?s={search_term_string}"},"query-input":{"@type":"PropertyValueSpecification","valueRequired":true,"valueName":"search_term_string"}}],"inLanguage":"de"},{"@type":"Organization","@id":"https:\/\/imaginationtransport.eu\/#organization","name":"IMAGINATION Iwona Blecharczyk","url":"https:\/\/imaginationtransport.eu\/","logo":{"@type":"ImageObject","inLanguage":"de","@id":"https:\/\/imaginationtransport.eu\/#\/schema\/logo\/image\/","url":"https:\/\/imaginationgroup.eu\/wp-content\/uploads\/2023\/08\/IMG_LOGO_UPROSZCZONE-1.svg","contentUrl":"https:\/\/imaginationgroup.eu\/wp-content\/uploads\/2023\/08\/IMG_LOGO_UPROSZCZONE-1.svg","width":160,"height":76,"caption":"IMAGINATION Iwona Blecharczyk"},"image":{"@id":"https:\/\/imaginationtransport.eu\/#\/schema\/logo\/image\/"}}]}},"_links":{"self":[{"href":"https:\/\/imaginationgroup.eu\/de\/wp-json\/wp\/v2\/pages\/1327","targetHints":{"allow":["GET"]}}],"collection":[{"href":"https:\/\/imaginationgroup.eu\/de\/wp-json\/wp\/v2\/pages"}],"about":[{"href":"https:\/\/imaginationgroup.eu\/de\/wp-json\/wp\/v2\/types\/page"}],"author":[{"embeddable":true,"href":"https:\/\/imaginationgroup.eu\/de\/wp-json\/wp\/v2\/users\/3"}],"replies":[{"embeddable":true,"href":"https:\/\/imaginationgroup.eu\/de\/wp-json\/wp\/v2\/comments?post=1327"}],"version-history":[{"count":12,"href":"https:\/\/imaginationgroup.eu\/de\/wp-json\/wp\/v2\/pages\/1327\/revisions"}],"predecessor-version":[{"id":1684,"href":"https:\/\/imaginationgroup.eu\/de\/wp-json\/wp\/v2\/pages\/1327\/revisions\/1684"}],"wp:attachment":[{"href":"https:\/\/imaginationgroup.eu\/de\/wp-json\/wp\/v2\/media?parent=1327"}],"curies":[{"name":"wp","href":"https:\/\/api.w.org\/{rel}","templated":true}]}}